{"id":720,"date":"2020-05-19T15:28:43","date_gmt":"2020-05-19T07:28:43","guid":{"rendered":"http:\/\/designbyrenard.com\/?page_id=720"},"modified":"2024-05-24T04:30:04","modified_gmt":"2024-05-23T20:30:04","slug":"club-hokkaido","status":"publish","type":"page","link":"https:\/\/designbyrenard.com\/en\/club-hokkaido\/","title":{"rendered":"HOKKAIDO CLUB"},"content":{"rendered":"<section class=\"section\" id=\"section_1874772593\">\n\t\t<div class=\"bg section-bg fill bg-fill  bg-loaded\" >\n\n\t\t\t\n\t\t\t\n\t\t\t\n\n\t\t<\/div>\n\n\t\t\n\n\t\t<div class=\"section-content relative\">\n\t\t\t\n<div class=\"row row-collapse row-full-width align-equal align-center\"  id=\"row-211415635\">\n\n\t<div id=\"col-1698193107\" class=\"col medium-12 small-12 large-6\"  >\n\t\t\t\t<div class=\"col-inner text-center\"  >\n\t\t\t\n\t\t\t\n\n  <div class=\"banner has-hover bg-zoom bg-zoom has-parallax\" id=\"banner-1699363260\">\n          <div class=\"banner-inner fill\">\n        <div class=\"banner-bg fill\" data-parallax=\"-10\" data-parallax-container=\".banner\" data-parallax-background>\n            <div class=\"bg fill bg-fill\"><\/div>\n                                    \n                    <\/div>\n\t\t\n        <div class=\"banner-layers container\">\n            <div class=\"fill banner-link\"><\/div>            \n   <div id=\"text-box-36886429\" class=\"text-box banner-layer x50 md-x50 lg-x50 y85 md-y80 lg-y80 res-text\">\n                                <div class=\"text-box-content text dark\">\n              \n              <div class=\"text-inner text-center\">\n                  \n\t<div class=\"img has-hover center x md-x lg-x y md-y lg-y\" id=\"image_1389396179\">\n\t\t\t\t\t\t<div data-animate=\"fadeInUp\">\t\t<div class=\"img-inner dark\" >\n\t\t\t<img loading=\"lazy\" decoding=\"async\" width=\"1\" height=\"1\" src=\"https:\/\/designbyrenard.com\/wp-content\/uploads\/2024\/05\/logo-club-hokkaido-svgz_Plan-de-travail-1.svg\" class=\"attachment-large size-large\" alt=\"Logo Club Hokkaido Svgz Work Plan 1\" \/>\t\t\t\t\t\t\n\t\t\t\t\t<\/div>\n\t\t<\/div>\t\t\t\t\t\t\n<style>\n#image_1389396179 {\n  width: 90%;\n}\n@media (min-width:550px) {\n  #image_1389396179 {\n    width: 100%;\n  }\n}\n<\/style>\n\t<\/div>\n\t\n              <\/div>\n           <\/div>\n                            \n<style>\n#text-box-36886429 {\n  width: 80%;\n}\n#text-box-36886429 .text-box-content {\n  font-size: 100%;\n}\n@media (min-width:550px) {\n  #text-box-36886429 {\n    width: 60%;\n  }\n}\n<\/style>\n    <\/div>\n \n        <\/div>\n      <\/div>\n\n            \n<style>\n#banner-1699363260 {\n  padding-top: 100vh;\n  background-color: rgb(255,255,255);\n}\n#banner-1699363260 .bg.bg-loaded {\n  background-image: url(https:\/\/designbyrenard.com\/wp-content\/uploads\/2024\/05\/club-hokkaido-image-scaled.jpg);\n}\n#banner-1699363260 .bg {\n  background-position: 19% 16%;\n}\n@media (min-width:550px) {\n  #banner-1699363260 {\n    padding-top: 100vh;\n  }\n}\n@media (min-width:850px) {\n  #banner-1699363260 {\n    padding-top: 100vh;\n  }\n}\n<\/style>\n  <\/div>\n\n\n\t\t<\/div>\n\t\t\t\t\t<\/div>\n\n\t\n\n\t<div id=\"col-2028786411\" class=\"col center-center medium-12 small-11 large-6\"  data-animate=\"fadeInRight\">\n\t\t\t\t<div class=\"col-inner text-center\"  >\n\t\t\t\n\t\t\t\n<h1 style=\"color: #333333; text-align: center;\">HOKKAIDO CLUB<\/h1>\n<p style=\"text-align: left;\"><span style=\"font-size: 85%;\">Club Hokkaido offers guests nature walks, hot spring baths, delicious meals, farm tours and maybe even floating ice diving. Thus, the first creative avenues highlight the advantages of its attractions through illustrations of mountains or lakes, symbolizing the idea of hiking or an experience to be had with nature.<\/span><\/p>\n<p style=\"text-align: center;\"><strong><span style=\"font-size: 85%;\">Brand strategy \u2013 Visual identity \u2013 Territory of expression \u2013 Website <\/span><\/strong><\/p>\n\t\t<\/div>\n\t\t\t\t\t<\/div>\n\n\t\n<\/div>\n\t\t<\/div>\n\n\t\t\n<style>\n#section_1874772593 {\n  padding-top: 0px;\n  padding-bottom: 0px;\n  background-color: rgb(249, 249, 249);\n}\n<\/style>\n\t<\/section>\n\t\n<div class=\"row row-collapse row-full-width align-middle\"  id=\"row-2098658780\">\n\n\t<div id=\"col-53802837\" class=\"col medium-12 small-12 large-6\"  >\n\t\t\t\t<div class=\"col-inner\"  >\n\t\t\t\n\t\t\t\n\n  <div class=\"banner has-hover\" id=\"banner-528377302\">\n          <div class=\"banner-inner fill\">\n        <div class=\"banner-bg fill\" >\n            <div class=\"bg fill bg-fill\"><\/div>\n                                    \n                    <\/div>\n\t\t\n        <div class=\"banner-layers container\">\n            <div class=\"fill banner-link\"><\/div>            \n   <div id=\"text-box-377463149\" class=\"text-box banner-layer x50 md-x50 lg-x50 y50 md-y50 lg-y50 res-text\">\n                                <div class=\"text-box-content text dark\">\n              \n              <div class=\"text-inner text-center\">\n                  \n              <\/div>\n           <\/div>\n                            \n<style>\n#text-box-377463149 {\n  width: 60%;\n}\n#text-box-377463149 .text-box-content {\n  font-size: 100%;\n}\n@media (min-width:550px) {\n  #text-box-377463149 {\n    width: 60%;\n  }\n}\n<\/style>\n    <\/div>\n \n        <\/div>\n      <\/div>\n\n            \n<style>\n#banner-528377302 {\n  padding-top: 99.99%;\n  background-color: rgb(255, 255, 255);\n}\n#banner-528377302 .bg.bg-loaded {\n  background-image: url(https:\/\/designbyrenard.com\/wp-content\/uploads\/2024\/05\/baghokkaido-870x679.jpg);\n}\n@media (min-width:550px) {\n  #banner-528377302 {\n    padding-top: 60vh;\n  }\n}\n@media (min-width:850px) {\n  #banner-528377302 {\n    padding-top: 99.99%;\n  }\n}\n<\/style>\n  <\/div>\n\n\n\t\t<\/div>\n\t\t\t\t\t<\/div>\n\n\t\n\n\t<div id=\"col-1458971575\" class=\"col medium-12 small-12 large-6\"  >\n\t\t\t\t<div class=\"col-inner\"  >\n\t\t\t\n\t\t\t\n\n  <div class=\"banner has-hover\" id=\"banner-568596721\">\n          <div class=\"banner-inner fill\">\n        <div class=\"banner-bg fill\" >\n            <div class=\"bg fill bg-fill\"><\/div>\n                                    \n                    <\/div>\n\t\t\n        <div class=\"banner-layers container\">\n            <div class=\"fill banner-link\"><\/div>            \n   <div id=\"text-box-534445058\" class=\"text-box banner-layer x50 md-x50 lg-x50 y50 md-y50 lg-y50 res-text\">\n                                <div class=\"text-box-content text dark\">\n              \n              <div class=\"text-inner text-center\">\n                  \n              <\/div>\n           <\/div>\n                            \n<style>\n#text-box-534445058 {\n  width: 60%;\n}\n#text-box-534445058 .text-box-content {\n  font-size: 100%;\n}\n@media (min-width:550px) {\n  #text-box-534445058 {\n    width: 60%;\n  }\n}\n<\/style>\n    <\/div>\n \n        <\/div>\n      <\/div>\n\n            \n<style>\n#banner-568596721 {\n  padding-top: 99.99%;\n  background-color: rgb(255, 255, 255);\n}\n#banner-568596721 .bg.bg-loaded {\n  background-image: url(https:\/\/designbyrenard.com\/wp-content\/uploads\/2024\/05\/branding-club-hokkaido.jpg);\n}\n#banner-568596721 .bg {\n  background-position: 68% 22%;\n}\n@media (min-width:550px) {\n  #banner-568596721 {\n    padding-top: 60vh;\n  }\n}\n@media (min-width:850px) {\n  #banner-568596721 {\n    padding-top: 99.99%;\n  }\n}\n<\/style>\n  <\/div>\n\n\n\t\t<\/div>\n\t\t\t\t\t<\/div>\n\n\t\n\n\t<div id=\"col-1791349963\" class=\"col medium-12 small-12 large-6\"  >\n\t\t\t\t<div class=\"col-inner\"  >\n\t\t\t\n\t\t\t\n\n  <div class=\"banner has-hover\" id=\"banner-1319135736\">\n          <div class=\"banner-inner fill\">\n        <div class=\"banner-bg fill\" >\n            <div class=\"bg fill bg-fill\"><\/div>\n                                    \n                    <\/div>\n\t\t\n        <div class=\"banner-layers container\">\n            <div class=\"fill banner-link\"><\/div>            \n   <div id=\"text-box-1536913834\" class=\"text-box banner-layer x50 md-x50 lg-x50 y50 md-y50 lg-y50 res-text\">\n                                <div class=\"text-box-content text dark\">\n              \n              <div class=\"text-inner text-center\">\n                  \n              <\/div>\n           <\/div>\n                            \n<style>\n#text-box-1536913834 {\n  width: 60%;\n}\n#text-box-1536913834 .text-box-content {\n  font-size: 100%;\n}\n@media (min-width:550px) {\n  #text-box-1536913834 {\n    width: 60%;\n  }\n}\n<\/style>\n    <\/div>\n \n        <\/div>\n      <\/div>\n\n            \n<style>\n#banner-1319135736 {\n  padding-top: 99.99%;\n  background-color: rgb(255, 255, 255);\n}\n#banner-1319135736 .bg.bg-loaded {\n  background-image: url(https:\/\/designbyrenard.com\/wp-content\/uploads\/2024\/05\/bag-ete-hokkaido-870x679.jpg);\n}\n@media (min-width:550px) {\n  #banner-1319135736 {\n    padding-top: 60vh;\n  }\n}\n@media (min-width:850px) {\n  #banner-1319135736 {\n    padding-top: 99.99%;\n  }\n}\n<\/style>\n  <\/div>\n\n\n\t\t<\/div>\n\t\t\t\t\t<\/div>\n\n\t\n\n\t<div id=\"col-1739961641\" class=\"col medium-6 small-12 large-6\"  >\n\t\t\t\t<div class=\"col-inner\"  >\n\t\t\t\n\t\t\t\n\n  <div class=\"banner has-hover\" id=\"banner-190177763\">\n          <div class=\"banner-inner fill\">\n        <div class=\"banner-bg fill\" >\n            <div class=\"bg fill bg-fill\"><\/div>\n                                    \n                    <\/div>\n\t\t\n        <div class=\"banner-layers container\">\n            <div class=\"fill banner-link\"><\/div>            \n   <div id=\"text-box-1139351365\" class=\"text-box banner-layer x50 md-x50 lg-x50 y50 md-y50 lg-y50 res-text\">\n                                <div class=\"text-box-content text dark\">\n              \n              <div class=\"text-inner text-center\">\n                  \n              <\/div>\n           <\/div>\n                            \n<style>\n#text-box-1139351365 {\n  width: 60%;\n}\n#text-box-1139351365 .text-box-content {\n  font-size: 100%;\n}\n@media (min-width:550px) {\n  #text-box-1139351365 {\n    width: 60%;\n  }\n}\n<\/style>\n    <\/div>\n \n        <\/div>\n      <\/div>\n\n            \n<style>\n#banner-190177763 {\n  padding-top: 99.99%;\n  background-color: rgb(255, 255, 255);\n}\n#banner-190177763 .bg.bg-loaded {\n  background-image: url(https:\/\/designbyrenard.com\/wp-content\/uploads\/2024\/05\/ete-hokkaido.jpg);\n}\n#banner-190177763 .bg {\n  background-position: 50% 24%;\n}\n@media (min-width:550px) {\n  #banner-190177763 {\n    padding-top: 60vh;\n  }\n}\n@media (min-width:850px) {\n  #banner-190177763 {\n    padding-top: 99.99%;\n  }\n}\n<\/style>\n  <\/div>\n\n\n\t\t<\/div>\n\t\t\t\t\t<\/div>\n\n\t\n\n\t<div id=\"col-612950427\" class=\"col medium-6 small-12 large-6\"  >\n\t\t\t\t<div class=\"col-inner\"  >\n\t\t\t\n\t\t\t\n\n  <div class=\"banner has-hover\" id=\"banner-1071113252\">\n          <div class=\"banner-inner fill\">\n        <div class=\"banner-bg fill\" >\n            <div class=\"bg fill bg-fill\"><\/div>\n                                    \n                    <\/div>\n\t\t\n        <div class=\"banner-layers container\">\n            <div class=\"fill banner-link\"><\/div>            \n   <div id=\"text-box-1733715424\" class=\"text-box banner-layer x50 md-x50 lg-x50 y20 md-y50 lg-y50 res-text\">\n                                <div class=\"text-box-content text dark\">\n              \n              <div class=\"text-inner text-center\">\n                  \n\t<div class=\"img has-hover x md-x lg-x y md-y lg-y\" id=\"image_1297427815\">\n\t\t\t\t\t\t<div data-animate=\"fadeInUp\">\t\t<div class=\"img-inner dark\" >\n\t\t\t<img loading=\"lazy\" decoding=\"async\" width=\"1\" height=\"1\" src=\"https:\/\/designbyrenard.com\/wp-content\/uploads\/2024\/05\/LES-LOGOS-HOKKAIDO_Plan-de-travail-1.svg\" class=\"attachment-large size-large\" alt=\"Hokkaido Logos Work Plan 1\" \/>\t\t\t\t\t\t\n\t\t\t\t\t<\/div>\n\t\t<\/div>\t\t\t\t\t\t\n<style>\n#image_1297427815 {\n  width: 100%;\n}\n@media (min-width:550px) {\n  #image_1297427815 {\n    width: 100%;\n  }\n}\n<\/style>\n\t<\/div>\n\t\n              <\/div>\n           <\/div>\n                            \n<style>\n#text-box-1733715424 {\n  width: 60%;\n}\n#text-box-1733715424 .text-box-content {\n  font-size: 100%;\n}\n@media (min-width:550px) {\n  #text-box-1733715424 {\n    width: 60%;\n  }\n}\n<\/style>\n    <\/div>\n \n        <\/div>\n      <\/div>\n\n            \n<style>\n#banner-1071113252 {\n  padding-top: 99.99%;\n  background-color: #f2f2f2;\n}\n@media (min-width:550px) {\n  #banner-1071113252 {\n    padding-top: 60vh;\n  }\n}\n@media (min-width:850px) {\n  #banner-1071113252 {\n    padding-top: 99.99%;\n  }\n}\n<\/style>\n  <\/div>\n\n\n\t\t<\/div>\n\t\t\t\t\t<\/div>\n\n\t\n\n\t<div id=\"col-1118356639\" class=\"col medium-12 small-12 large-6\"  >\n\t\t\t\t<div class=\"col-inner\"  >\n\t\t\t\n\t\t\t\n\n  <div class=\"banner has-hover\" id=\"banner-144972314\">\n          <div class=\"banner-inner fill\">\n        <div class=\"banner-bg fill\" >\n            <div class=\"bg fill bg-fill\"><\/div>\n                                    \n                    <\/div>\n\t\t\n        <div class=\"banner-layers container\">\n            <div class=\"fill banner-link\"><\/div>            \n   <div id=\"text-box-1102337667\" class=\"text-box banner-layer x50 md-x50 lg-x50 y50 md-y50 lg-y50 res-text\">\n                                <div class=\"text-box-content text dark\">\n              \n              <div class=\"text-inner text-center\">\n                  \n              <\/div>\n           <\/div>\n                            \n<style>\n#text-box-1102337667 {\n  width: 60%;\n}\n#text-box-1102337667 .text-box-content {\n  font-size: 100%;\n}\n@media (min-width:550px) {\n  #text-box-1102337667 {\n    width: 60%;\n  }\n}\n<\/style>\n    <\/div>\n \n        <\/div>\n      <\/div>\n\n            \n<style>\n#banner-144972314 {\n  padding-top: 99.99%;\n  background-color: rgb(255, 255, 255);\n}\n#banner-144972314 .bg.bg-loaded {\n  background-image: url(https:\/\/designbyrenard.com\/wp-content\/uploads\/2024\/05\/T-SHIRT-2-HOKKAIDO-870x679.jpg);\n}\n#banner-144972314 .bg {\n  background-position: 59% 75%;\n}\n@media (min-width:550px) {\n  #banner-144972314 {\n    padding-top: 60vh;\n  }\n}\n@media (min-width:850px) {\n  #banner-144972314 {\n    padding-top: 99.99%;\n  }\n}\n<\/style>\n  <\/div>\n\n\n\t\t<\/div>\n\t\t\t\t\t<\/div>\n\n\t\n<\/div>\n\t<section class=\"section\" id=\"section_688078083\">\n\t\t<div class=\"bg section-bg fill bg-fill  bg-loaded\" >\n\n\t\t\t\n\t\t\t\n\t\t\t\n\n\t\t<\/div>\n\n\t\t\n\n\t\t<div class=\"section-content relative\">\n\t\t\t\n<div class=\"row align-center\"  id=\"row-34484541\">\n\n\t<div id=\"col-1011051516\" class=\"col small-12 large-12\"  >\n\t\t\t\t<div class=\"col-inner\"  >\n\t\t\t\n\t\t\t\n  <div class=\"icon-box testimonial-box icon-box-center text-center is-small\">\n                <div class=\"icon-box-text p-last-0\">\n            \t\t\t\t<div class=\"testimonial-text line-height-small italic test_text first-reset last-reset is-italic\">\n            \n<p><span style=\"font-size: 90%;\">\u201cWe greatly appreciated Geoffroy\u2019s constructive approach in the design of this logo. By exploring various horizons, he was able to guide our research towards a visual identity that fully embodies our values, going as far as an exhaustive interpretation of nature..\u201d<\/span><\/p>\n          <\/div>\n          <div class=\"testimonial-meta pt-half\">\n             <strong class=\"testimonial-name test_name\">Kento Maeda<\/strong>\n             <span class=\"testimonial-name-divider\"> \/ <\/span>             <span class=\"testimonial-company test_company\">HOKKAIDO CLUB<\/span>\n          <\/div>\n        <\/div>\n  <\/div>\n\n  \n\t\t<\/div>\n\t\t\t\t\t<\/div>\n\n\t\n<\/div>\n<div class=\"row align-center\"  id=\"row-1340276259\">\n\n\t<div id=\"col-372654103\" class=\"col small-12 large-12\"  >\n\t\t\t\t<div class=\"col-inner text-center\"  >\n\t\t\t\n\t\t\t\n<h5><span style=\"font-size: 80%;\">Share<\/span><\/h5>\n<div class=\"social-icons share-icons share-row relative full-width text-center icon-style-small\" style=\"font-size:150%\"><a href=\"whatsapp:\/\/send?text=CLUB%20HOKKAIDO - https:\/\/designbyrenard.com\/en\/club-hokkaido\/\" data-action=\"share\/whatsapp\/share\" class=\"icon plain tooltip whatsapp show-for-medium\" title=\"Share on WhatsApp\" aria-label=\"Share on WhatsApp\" ><i class=\"icon-whatsapp\" ><\/i><\/a><a href=\"https:\/\/www.facebook.com\/sharer.php?u=https:\/\/designbyrenard.com\/en\/club-hokkaido\/\" data-label=\"Facebook\" onclick=\"window.open(this.href,this.title,'width=500,height=500,top=300px,left=300px'); return false;\" target=\"_blank\" class=\"icon plain tooltip facebook\" title=\"Share on Facebook\" aria-label=\"Share on Facebook\" rel=\"noopener nofollow\" ><i class=\"icon-facebook\" ><\/i><\/a><a href=\"https:\/\/twitter.com\/share?url=https:\/\/designbyrenard.com\/en\/club-hokkaido\/\" onclick=\"window.open(this.href,this.title,'width=500,height=500,top=300px,left=300px'); return false;\" target=\"_blank\" class=\"icon plain tooltip twitter\" title=\"Share on Twitter\" aria-label=\"Share on Twitter\" rel=\"noopener nofollow\" ><i class=\"icon-twitter\" ><\/i><\/a><a href=\"https:\/\/pinterest.com\/pin\/create\/button?url=https:\/\/designbyrenard.com\/en\/club-hokkaido\/&media=https:\/\/designbyrenard.com\/wp-content\/uploads\/2024\/05\/club-hokkaido-image-870x580.jpg&description=CLUB%20HOKKAIDO\" onclick=\"window.open(this.href,this.title,'width=500,height=500,top=300px,left=300px'); return false;\" target=\"_blank\" class=\"icon plain tooltip pinterest\" title=\"Pin on Pinterest\" aria-label=\"Pin on Pinterest\" rel=\"noopener nofollow\" ><i class=\"icon-pinterest\" ><\/i><\/a><a href=\"https:\/\/www.linkedin.com\/shareArticle?mini=true&url=https:\/\/designbyrenard.com\/en\/club-hokkaido\/&title=CLUB%20HOKKAIDO\" onclick=\"window.open(this.href,this.title,'width=500,height=500,top=300px,left=300px'); return false;\" target=\"_blank\" class=\"icon plain tooltip linkedin\" title=\"Share on LinkedIn\" aria-label=\"Share on LinkedIn\" rel=\"noopener nofollow\" ><i class=\"icon-linkedin\" ><\/i><\/a><\/div>\n\t\t<\/div>\n\t\t\t\t\t<\/div>\n\n\t\n<\/div>\n\t\t<\/div>\n\n\t\t\n<style>\n#section_688078083 {\n  padding-top: 60px;\n  padding-bottom: 60px;\n  background-color: rgb(255, 248, 246);\n}\n<\/style>\n\t<\/section>","protected":false},"excerpt":{"rendered":"","protected":false},"author":4,"featured_media":1921,"parent":0,"menu_order":6,"comment_status":"closed","ping_status":"closed","template":"page-header-on-scroll.php","meta":{"footnotes":""},"class_list":["post-720","page","type-page","status-publish","has-post-thumbnail","hentry"],"yoast_head":"<!-- This site is optimized with the Yoast SEO plugin v27.5 - https:\/\/yoast.com\/product\/yoast-seo-wordpress\/ -->\n<title>Le Club Hokkaido - Design &amp; Identit\u00e9 de marque<\/title>\n<meta name=\"description\" content=\"Le Club Hokkaido offre \u00e0 ses invit\u00e9s des promenades en pleine nature, des baignades et peut-\u00eatre m\u00eame de la plong\u00e9e sous glace flottante...\" \/>\n<meta name=\"robots\" content=\"index, follow, max-snippet:-1, max-image-preview:large, max-video-preview:-1\" \/>\n<link rel=\"canonical\" href=\"https:\/\/designbyrenard.com\/en\/club-hokkaido\/\" \/>\n<meta property=\"og:locale\" content=\"en_GB\" \/>\n<meta property=\"og:type\" content=\"article\" \/>\n<meta property=\"og:title\" content=\"Le Club Hokkaido - Design &amp; Identit\u00e9 de marque\" \/>\n<meta property=\"og:description\" content=\"Le Club Hokkaido offre \u00e0 ses invit\u00e9s des promenades en pleine nature, des baignades et peut-\u00eatre m\u00eame de la plong\u00e9e sous glace flottante...\" \/>\n<meta property=\"og:url\" content=\"https:\/\/designbyrenard.com\/en\/club-hokkaido\/\" \/>\n<meta property=\"og:site_name\" content=\"Design by Renard\" \/>\n<meta property=\"article:modified_time\" content=\"2024-05-23T20:30:04+00:00\" \/>\n<meta property=\"og:image\" content=\"https:\/\/designbyrenard.com\/wp-content\/uploads\/2024\/05\/club-hokkaido-image-scaled.jpg\" \/>\n\t<meta property=\"og:image:width\" content=\"2560\" \/>\n\t<meta property=\"og:image:height\" content=\"1707\" \/>\n\t<meta property=\"og:image:type\" content=\"image\/jpeg\" \/>\n<meta name=\"twitter:card\" content=\"summary_large_image\" \/>\n<meta name=\"twitter:label1\" content=\"Estimated reading time\" \/>\n\t<meta name=\"twitter:data1\" content=\"2 minutes\" \/>\n<script type=\"application\/ld+json\" class=\"yoast-schema-graph\">{\"@context\":\"https:\\\/\\\/schema.org\",\"@graph\":[{\"@type\":\"WebPage\",\"@id\":\"https:\\\/\\\/designbyrenard.com\\\/club-hokkaido\\\/\",\"url\":\"https:\\\/\\\/designbyrenard.com\\\/club-hokkaido\\\/\",\"name\":\"Le Club Hokkaido - Design & Identit\u00e9 de marque\",\"isPartOf\":{\"@id\":\"https:\\\/\\\/designbyrenard.com\\\/#website\"},\"primaryImageOfPage\":{\"@id\":\"https:\\\/\\\/designbyrenard.com\\\/club-hokkaido\\\/#primaryimage\"},\"image\":{\"@id\":\"https:\\\/\\\/designbyrenard.com\\\/club-hokkaido\\\/#primaryimage\"},\"thumbnailUrl\":\"https:\\\/\\\/designbyrenard.com\\\/wp-content\\\/uploads\\\/2024\\\/05\\\/club-hokkaido-image-scaled.jpg\",\"datePublished\":\"2020-05-19T07:28:43+00:00\",\"dateModified\":\"2024-05-23T20:30:04+00:00\",\"description\":\"Le Club Hokkaido offre \u00e0 ses invit\u00e9s des promenades en pleine nature, des baignades et peut-\u00eatre m\u00eame de la plong\u00e9e sous glace flottante...\",\"breadcrumb\":{\"@id\":\"https:\\\/\\\/designbyrenard.com\\\/club-hokkaido\\\/#breadcrumb\"},\"inLanguage\":\"en-GB\",\"potentialAction\":[{\"@type\":\"ReadAction\",\"target\":[\"https:\\\/\\\/designbyrenard.com\\\/club-hokkaido\\\/\"]}]},{\"@type\":\"ImageObject\",\"inLanguage\":\"en-GB\",\"@id\":\"https:\\\/\\\/designbyrenard.com\\\/club-hokkaido\\\/#primaryimage\",\"url\":\"https:\\\/\\\/designbyrenard.com\\\/wp-content\\\/uploads\\\/2024\\\/05\\\/club-hokkaido-image-scaled.jpg\",\"contentUrl\":\"https:\\\/\\\/designbyrenard.com\\\/wp-content\\\/uploads\\\/2024\\\/05\\\/club-hokkaido-image-scaled.jpg\",\"width\":2560,\"height\":1707,\"caption\":\"Club Hokkaido Image\"},{\"@type\":\"BreadcrumbList\",\"@id\":\"https:\\\/\\\/designbyrenard.com\\\/club-hokkaido\\\/#breadcrumb\",\"itemListElement\":[{\"@type\":\"ListItem\",\"position\":1,\"name\":\"Accueil\",\"item\":\"https:\\\/\\\/designbyrenard.com\\\/\"},{\"@type\":\"ListItem\",\"position\":2,\"name\":\"CLUB HOKKAIDO\"}]},{\"@type\":\"WebSite\",\"@id\":\"https:\\\/\\\/designbyrenard.com\\\/#website\",\"url\":\"https:\\\/\\\/designbyrenard.com\\\/\",\"name\":\"Design by Renard\",\"description\":\"\",\"potentialAction\":[{\"@type\":\"SearchAction\",\"target\":{\"@type\":\"EntryPoint\",\"urlTemplate\":\"https:\\\/\\\/designbyrenard.com\\\/?s={search_term_string}\"},\"query-input\":{\"@type\":\"PropertyValueSpecification\",\"valueRequired\":true,\"valueName\":\"search_term_string\"}}],\"inLanguage\":\"en-GB\"}]}<\/script>\n<!-- \/ Yoast SEO plugin. -->","yoast_head_json":{"title":"Le Club Hokkaido - Design &amp; Brand Identity","description":"Club Hokkaido offers its guests nature walks, swimming and maybe even diving under floating ice...","robots":{"index":"index","follow":"follow","max-snippet":"max-snippet:-1","max-image-preview":"max-image-preview:large","max-video-preview":"max-video-preview:-1"},"canonical":"https:\/\/designbyrenard.com\/en\/club-hokkaido\/","og_locale":"en_GB","og_type":"article","og_title":"Le Club Hokkaido - Design & Identit\u00e9 de marque","og_description":"Le Club Hokkaido offre \u00e0 ses invit\u00e9s des promenades en pleine nature, des baignades et peut-\u00eatre m\u00eame de la plong\u00e9e sous glace flottante...","og_url":"https:\/\/designbyrenard.com\/en\/club-hokkaido\/","og_site_name":"Design by Renard","article_modified_time":"2024-05-23T20:30:04+00:00","og_image":[{"width":2560,"height":1707,"url":"https:\/\/designbyrenard.com\/wp-content\/uploads\/2024\/05\/club-hokkaido-image-scaled.jpg","type":"image\/jpeg"}],"twitter_card":"summary_large_image","twitter_misc":{"Estimated reading time":"2 minutes"},"schema":{"@context":"https:\/\/schema.org","@graph":[{"@type":"WebPage","@id":"https:\/\/designbyrenard.com\/club-hokkaido\/","url":"https:\/\/designbyrenard.com\/club-hokkaido\/","name":"Le Club Hokkaido - Design &amp; Brand Identity","isPartOf":{"@id":"https:\/\/designbyrenard.com\/#website"},"primaryImageOfPage":{"@id":"https:\/\/designbyrenard.com\/club-hokkaido\/#primaryimage"},"image":{"@id":"https:\/\/designbyrenard.com\/club-hokkaido\/#primaryimage"},"thumbnailUrl":"https:\/\/designbyrenard.com\/wp-content\/uploads\/2024\/05\/club-hokkaido-image-scaled.jpg","datePublished":"2020-05-19T07:28:43+00:00","dateModified":"2024-05-23T20:30:04+00:00","description":"Club Hokkaido offers its guests nature walks, swimming and maybe even diving under floating ice...","breadcrumb":{"@id":"https:\/\/designbyrenard.com\/club-hokkaido\/#breadcrumb"},"inLanguage":"en-GB","potentialAction":[{"@type":"ReadAction","target":["https:\/\/designbyrenard.com\/club-hokkaido\/"]}]},{"@type":"ImageObject","inLanguage":"en-GB","@id":"https:\/\/designbyrenard.com\/club-hokkaido\/#primaryimage","url":"https:\/\/designbyrenard.com\/wp-content\/uploads\/2024\/05\/club-hokkaido-image-scaled.jpg","contentUrl":"https:\/\/designbyrenard.com\/wp-content\/uploads\/2024\/05\/club-hokkaido-image-scaled.jpg","width":2560,"height":1707,"caption":"Club Hokkaido Image"},{"@type":"BreadcrumbList","@id":"https:\/\/designbyrenard.com\/club-hokkaido\/#breadcrumb","itemListElement":[{"@type":"ListItem","position":1,"name":"Accueil","item":"https:\/\/designbyrenard.com\/"},{"@type":"ListItem","position":2,"name":"CLUB HOKKAIDO"}]},{"@type":"WebSite","@id":"https:\/\/designbyrenard.com\/#website","url":"https:\/\/designbyrenard.com\/","name":"Design by Renard","description":"","potentialAction":[{"@type":"SearchAction","target":{"@type":"EntryPoint","urlTemplate":"https:\/\/designbyrenard.com\/?s={search_term_string}"},"query-input":{"@type":"PropertyValueSpecification","valueRequired":true,"valueName":"search_term_string"}}],"inLanguage":"en-GB"}]}},"_links":{"self":[{"href":"https:\/\/designbyrenard.com\/en\/wp-json\/wp\/v2\/pages\/720","targetHints":{"allow":["GET"]}}],"collection":[{"href":"https:\/\/designbyrenard.com\/en\/wp-json\/wp\/v2\/pages"}],"about":[{"href":"https:\/\/designbyrenard.com\/en\/wp-json\/wp\/v2\/types\/page"}],"author":[{"embeddable":true,"href":"https:\/\/designbyrenard.com\/en\/wp-json\/wp\/v2\/users\/4"}],"replies":[{"embeddable":true,"href":"https:\/\/designbyrenard.com\/en\/wp-json\/wp\/v2\/comments?post=720"}],"version-history":[{"count":42,"href":"https:\/\/designbyrenard.com\/en\/wp-json\/wp\/v2\/pages\/720\/revisions"}],"predecessor-version":[{"id":2071,"href":"https:\/\/designbyrenard.com\/en\/wp-json\/wp\/v2\/pages\/720\/revisions\/2071"}],"wp:featuredmedia":[{"embeddable":true,"href":"https:\/\/designbyrenard.com\/en\/wp-json\/wp\/v2\/media\/1921"}],"wp:attachment":[{"href":"https:\/\/designbyrenard.com\/en\/wp-json\/wp\/v2\/media?parent=720"}],"curies":[{"name":"wp","href":"https:\/\/api.w.org\/{rel}","templated":true}]}}