{"id":712,"date":"2024-05-21T07:00:05","date_gmt":"2024-05-20T23:00:05","guid":{"rendered":"http:\/\/designbyrenard.com\/?page_id=712"},"modified":"2024-05-25T05:16:00","modified_gmt":"2024-05-24T21:16:00","slug":"quantum","status":"publish","type":"page","link":"https:\/\/designbyrenard.com\/en\/expertise-inspirations\/quantum\/","title":{"rendered":"QUANTUM"},"content":{"rendered":"<section class=\"section\" id=\"section_1596767193\">\n\t\t<div class=\"bg section-bg fill bg-fill  bg-loaded\" >\n\n\t\t\t\n\t\t\t\n\t\t\t\n\n\t\t<\/div>\n\n\t\t\n\n\t\t<div class=\"section-content relative\">\n\t\t\t\n<div class=\"row row-collapse row-full-width align-equal align-center\"  id=\"row-222522244\">\n\n\t<div id=\"col-815474354\" class=\"col medium-12 small-12 large-6\"  >\n\t\t\t\t<div class=\"col-inner text-center\"  >\n\t\t\t\n\t\t\t\n\n  <div class=\"banner has-hover\" id=\"banner-1405063460\">\n          <div class=\"banner-inner fill\">\n        <div class=\"banner-bg fill\" >\n            <div class=\"bg fill bg-fill\"><\/div>\n                                    \n                    <\/div>\n\t\t\n        <div class=\"banner-layers container\">\n            <div class=\"fill banner-link\"><\/div>            \n\t<div class=\"img has-hover x50 md-x50 lg-x50 y90 md-y90 lg-y90\" id=\"image_1536823502\">\n\t\t\t\t\t\t<div data-animate=\"fadeInUp\">\t\t<div class=\"img-inner dark\" >\n\t\t\t<img loading=\"lazy\" decoding=\"async\" width=\"1\" height=\"1\" src=\"https:\/\/designbyrenard.com\/wp-content\/uploads\/2024\/05\/Quantum-signature_Plan-de-travail-1.svg\" class=\"attachment-large size-large\" alt=\"Quantum +signature Work Plan 1\" \/>\t\t\t\t\t\t\n\t\t\t\t\t<\/div>\n\t\t<\/div>\t\t\t\t\t\t\n<style>\n#image_1536823502 {\n  width: 60%;\n}\n@media (min-width:550px) {\n  #image_1536823502 {\n    width: 46%;\n  }\n}\n<\/style>\n\t<\/div>\n\t\n        <\/div>\n      <\/div>\n\n            \n<style>\n#banner-1405063460 {\n  padding-top: 100vh;\n  background-color: rgb(255,255,255);\n}\n#banner-1405063460 .bg.bg-loaded {\n  background-image: url(https:\/\/designbyrenard.com\/wp-content\/uploads\/2024\/05\/quantum-visage-03.jpg);\n}\n#banner-1405063460 .bg {\n  background-position: 42% 37%;\n}\n@media (min-width:550px) {\n  #banner-1405063460 {\n    padding-top: 100vh;\n  }\n}\n@media (min-width:850px) {\n  #banner-1405063460 {\n    padding-top: 100vh;\n  }\n}\n<\/style>\n  <\/div>\n\n\n\t\t<\/div>\n\t\t\t\t\t<\/div>\n\n\t\n\n\t<div id=\"col-1918968699\" class=\"col center-center medium-12 small-11 large-6\"  data-animate=\"fadeInRight\">\n\t\t\t\t<div class=\"col-inner text-center\"  >\n\t\t\t\n\t\t\t\n<h1 style=\"color: #333333;\">QUANTUM<\/h1>\n<p style=\"text-align: left;\"><span style=\"font-size: 85%;\">Leader in corporate insurance consulting and claims management, thanks to its neutral approach and the use of artificial intelligence. Specializing in cyber, financial, technological, event and artistic risks, Quantum aims to modernize the industry by offering faster and more efficient solutions.<\/span><\/p>\n<p><span style=\"font-size: 85%;\"><strong>Brand identity \u2013 Territory of expression<\/strong><\/span><\/p>\n<p>\u00a0<\/p>\n\t\t<\/div>\n\t\t\t\t\t<\/div>\n\n\t\n<\/div>\n\t\t<\/div>\n\n\t\t\n<style>\n#section_1596767193 {\n  padding-top: 0px;\n  padding-bottom: 0px;\n  background-color: rgb(249, 249, 249);\n}\n<\/style>\n\t<\/section>\n\t\n<div class=\"row row-collapse row-full-width align-middle\"  id=\"row-1151606516\">\n\n\t<div id=\"col-1495867363\" class=\"col medium-6 small-12 large-6\"  >\n\t\t\t\t<div class=\"col-inner\"  >\n\t\t\t\n\t\t\t\n\n  <div class=\"banner has-hover has-video\" id=\"banner-97958068\">\n          <div class=\"banner-inner fill\">\n        <div class=\"banner-bg fill\" >\n            <div class=\"bg fill bg-fill\"><\/div>\n            \t<div class=\"video-overlay no-click fill visible\"><\/div>\n\t<video class=\"video-bg fill visible\" preload playsinline autoplay muted loop>\n\t\t<source src=\"http:\/\/designbyrenard.com\/wp-content\/uploads\/2024\/05\/ANIMATION-QUANTUM-LOGO-SEUL.mp4\" type=\"video\/mp4\">\t<\/video>\n                        \n                    <\/div>\n\t\t\n        <div class=\"banner-layers container\">\n            <div class=\"fill banner-link\"><\/div>            \n   <div id=\"text-box-537583603\" class=\"text-box banner-layer x50 md-x50 lg-x50 y50 md-y50 lg-y50 res-text\">\n                                <div class=\"text-box-content text dark\">\n              \n              <div class=\"text-inner text-center\">\n                  \n              <\/div>\n           <\/div>\n                            \n<style>\n#text-box-537583603 {\n  width: 60%;\n}\n#text-box-537583603 .text-box-content {\n  font-size: 100%;\n}\n@media (min-width:550px) {\n  #text-box-537583603 {\n    width: 60%;\n  }\n}\n<\/style>\n    <\/div>\n \n        <\/div>\n      <\/div>\n\n            \n<style>\n#banner-97958068 {\n  padding-top: 99.99%;\n  background-color: rgb(255, 255, 255);\n}\n@media (min-width:550px) {\n  #banner-97958068 {\n    padding-top: 60vh;\n  }\n}\n@media (min-width:850px) {\n  #banner-97958068 {\n    padding-top: 99.99%;\n  }\n}\n<\/style>\n  <\/div>\n\n\n\t\t<\/div>\n\t\t\t\t\t<\/div>\n\n\t\n\n\t<div id=\"col-1884696334\" class=\"col medium-6 small-12 large-6\"  >\n\t\t\t\t<div class=\"col-inner\"  >\n\t\t\t\n\t\t\t\n\n  <div class=\"banner has-hover\" id=\"banner-1377695699\">\n          <div class=\"banner-inner fill\">\n        <div class=\"banner-bg fill\" >\n            <div class=\"bg fill bg-fill\"><\/div>\n                                    \n                    <\/div>\n\t\t\n        <div class=\"banner-layers container\">\n            <div class=\"fill banner-link\"><\/div>            \n   <div id=\"text-box-1137022318\" class=\"text-box banner-layer x50 md-x50 lg-x50 y50 md-y50 lg-y50 res-text\">\n                                <div class=\"text-box-content text dark\">\n              \n              <div class=\"text-inner text-center\">\n                  \n              <\/div>\n           <\/div>\n                            \n<style>\n#text-box-1137022318 {\n  width: 60%;\n}\n#text-box-1137022318 .text-box-content {\n  font-size: 100%;\n}\n@media (min-width:550px) {\n  #text-box-1137022318 {\n    width: 60%;\n  }\n}\n<\/style>\n    <\/div>\n \n        <\/div>\n      <\/div>\n\n            \n<style>\n#banner-1377695699 {\n  padding-top: 99.99%;\n  background-color: rgb(255, 255, 255);\n}\n#banner-1377695699 .bg.bg-loaded {\n  background-image: url(https:\/\/designbyrenard.com\/wp-content\/uploads\/2024\/05\/quantum11.jpg);\n}\n#banner-1377695699 .bg {\n  background-position: 61% 18%;\n}\n@media (min-width:550px) {\n  #banner-1377695699 {\n    padding-top: 60vh;\n  }\n}\n@media (min-width:850px) {\n  #banner-1377695699 {\n    padding-top: 99.99%;\n  }\n}\n<\/style>\n  <\/div>\n\n\n\t\t<\/div>\n\t\t\t\t\t<\/div>\n\n\t\n\n\t<div id=\"col-1096607319\" class=\"col medium-12 small-12 large-6\"  >\n\t\t\t\t<div class=\"col-inner\"  >\n\t\t\t\n\t\t\t\n\n  <div class=\"banner has-hover\" id=\"banner-694125188\">\n          <div class=\"banner-inner fill\">\n        <div class=\"banner-bg fill\" >\n            <div class=\"bg fill bg-fill\"><\/div>\n                                    \n                    <\/div>\n\t\t\n        <div class=\"banner-layers container\">\n            <div class=\"fill banner-link\"><\/div>            \n   <div id=\"text-box-1976158025\" class=\"text-box banner-layer x50 md-x50 lg-x50 y50 md-y50 lg-y50 res-text\">\n                                <div class=\"text-box-content text dark\">\n              \n              <div class=\"text-inner text-center\">\n                  \n              <\/div>\n           <\/div>\n                            \n<style>\n#text-box-1976158025 {\n  width: 60%;\n}\n#text-box-1976158025 .text-box-content {\n  font-size: 100%;\n}\n@media (min-width:550px) {\n  #text-box-1976158025 {\n    width: 60%;\n  }\n}\n<\/style>\n    <\/div>\n \n        <\/div>\n      <\/div>\n\n            \n<style>\n#banner-694125188 {\n  padding-top: 99.99%;\n}\n#banner-694125188 .bg.bg-loaded {\n  background-image: url(https:\/\/designbyrenard.com\/wp-content\/uploads\/2024\/05\/Quantum-33-870x580.jpg);\n}\n#banner-694125188 .bg {\n  background-position: 58% 42%;\n}\n@media (min-width:550px) {\n  #banner-694125188 {\n    padding-top: 60vh;\n  }\n}\n@media (min-width:850px) {\n  #banner-694125188 {\n    padding-top: 99.99%;\n  }\n}\n<\/style>\n  <\/div>\n\n\n\t\t<\/div>\n\t\t\t\t\t<\/div>\n\n\t\n\n\t<div id=\"col-873465277\" class=\"col medium-6 small-12 large-6\"  >\n\t\t\t\t<div class=\"col-inner\"  >\n\t\t\t\n\t\t\t\n\n  <div class=\"banner has-hover\" id=\"banner-1582634452\">\n          <div class=\"banner-inner fill\">\n        <div class=\"banner-bg fill\" >\n            <div class=\"bg fill bg-fill\"><\/div>\n                                    \n                    <\/div>\n\t\t\n        <div class=\"banner-layers container\">\n            <div class=\"fill banner-link\"><\/div>            \n   <div id=\"text-box-736398265\" class=\"text-box banner-layer x50 md-x50 lg-x50 y50 md-y50 lg-y50 res-text\">\n                                <div class=\"text-box-content text dark\">\n              \n              <div class=\"text-inner text-center\">\n                  \n              <\/div>\n           <\/div>\n                            \n<style>\n#text-box-736398265 {\n  width: 60%;\n}\n#text-box-736398265 .text-box-content {\n  font-size: 100%;\n}\n@media (min-width:550px) {\n  #text-box-736398265 {\n    width: 60%;\n  }\n}\n<\/style>\n    <\/div>\n \n        <\/div>\n      <\/div>\n\n            \n<style>\n#banner-1582634452 {\n  padding-top: 99.99%;\n  background-color: rgb(255, 255, 255);\n}\n#banner-1582634452 .bg.bg-loaded {\n  background-image: url(https:\/\/designbyrenard.com\/wp-content\/uploads\/2024\/05\/quantum-22-870x653.jpg);\n}\n#banner-1582634452 .bg {\n  background-position: 55% 93%;\n}\n@media (min-width:550px) {\n  #banner-1582634452 {\n    padding-top: 60vh;\n  }\n}\n@media (min-width:850px) {\n  #banner-1582634452 {\n    padding-top: 99.99%;\n  }\n}\n<\/style>\n  <\/div>\n\n\n\t\t<\/div>\n\t\t\t\t\t<\/div>\n\n\t\n<\/div>\n\t<section class=\"section\" id=\"section_252381562\">\n\t\t<div class=\"bg section-bg fill bg-fill  bg-loaded\" >\n\n\t\t\t\n\t\t\t\n\t\t\t\n\n\t\t<\/div>\n\n\t\t\n\n\t\t<div class=\"section-content relative\">\n\t\t\t\n<div class=\"row align-center\"  id=\"row-2138491376\">\n\n\t<div id=\"col-1426468102\" class=\"col medium-8 small-12 large-8\"  >\n\t\t\t\t<div class=\"col-inner\"  >\n\t\t\t\n\t\t\t\n  <div class=\"icon-box testimonial-box icon-box-center text-center is-small\">\n                <div class=\"icon-box-img testimonial-image circle\" style=\"width: 80px\">\n              <img loading=\"lazy\" decoding=\"async\" width=\"130\" height=\"130\" src=\"https:\/\/designbyrenard.com\/wp-content\/uploads\/2024\/05\/Timothee-Grange.png\" class=\"attachment-thumbnail size-thumbnail\" alt=\"Timothy Grange\" srcset=\"https:\/\/designbyrenard.com\/wp-content\/uploads\/2024\/05\/Timothee-Grange.png 130w, https:\/\/designbyrenard.com\/wp-content\/uploads\/2024\/05\/Timothee-Grange-12x12.png 12w\" sizes=\"auto, (max-width: 130px) 100vw, 130px\" \/>        <\/div>\n                <div class=\"icon-box-text p-last-0\">\n            \t\t\t\t<div class=\"testimonial-text line-height-small italic test_text first-reset last-reset is-italic\">\n            \n<div class=\"flex-shrink-0 flex flex-col relative items-end\">\n<div>\n<div class=\"pt-0.5\">\n<div class=\"gizmo-bot-avatar flex h-6 w-6 items-center justify-center overflow-hidden rounded-full juice:h-8 juice:w-8\">\u00a0<\/div>\n<\/div>\n<\/div>\n<\/div>\n<div class=\"group\/conversation-turn relative flex w-full min-w-0 flex-col agent-turn\">\n<div class=\"flex-col gap-1 md:gap-3\">\n<div class=\"flex flex-grow flex-col max-w-full\">\n<div class=\"min-h-&#091;20px&#093; text-message flex flex-col items-start whitespace-pre-wrap break-words &#091;.text-message+&amp;&#093;:mt-5 juice:w-full juice:items-end overflow-x-auto gap-2\" dir=\"auto\" data-message-author-role=\"assistant\" data-message-id=\"8aa558c0-5372-4548-897e-9725999790ea\">\n<div class=\"flex w-full flex-col gap-1 juice:empty:hidden juice:first:pt-&#091;3px&#093;\">\n<div class=\"markdown prose w-full break-words dark:prose-invert light\">\n<p><i>\u201cWe needed a logo and a unique and innovative territory of expression for the launch of our company.\u00a0<\/i><i>Working with Geoffroy was obvious.\u00a0<\/i><i>His creativity, dynamism, positive attitude and responsiveness were decisive for the success of our launch\u201d<\/i><\/p>\n<\/div>\n<\/div>\n<\/div>\n<\/div>\n<\/div>\n<\/div>\n          <\/div>\n          <div class=\"testimonial-meta pt-half\">\n             <strong class=\"testimonial-name test_name\">Timothy Grange<\/strong>\n             <span class=\"testimonial-name-divider\"> \/ <\/span>             <span class=\"testimonial-company test_company\">Quantum<\/span>\n          <\/div>\n        <\/div>\n  <\/div>\n\n  \n\t\t<\/div>\n\t\t\t\t\t<\/div>\n\n\t\n<\/div>\n<div class=\"row align-center\"  id=\"row-228539949\">\n\n\t<div id=\"col-355960401\" class=\"col small-12 large-12\"  >\n\t\t\t\t<div class=\"col-inner text-center\"  >\n\t\t\t\n\t\t\t\n<h5><span style=\"font-size: 80%;\">Share<\/span><\/h5>\n<div class=\"social-icons share-icons share-row relative full-width text-center icon-style-small\" style=\"font-size:150%\"><a href=\"whatsapp:\/\/send?text=QUANTUM - https:\/\/designbyrenard.com\/en\/expertise-inspirations\/quantum\/\" data-action=\"share\/whatsapp\/share\" class=\"icon plain tooltip whatsapp show-for-medium\" title=\"Share on WhatsApp\" aria-label=\"Share on WhatsApp\" ><i class=\"icon-whatsapp\" ><\/i><\/a><a href=\"https:\/\/www.facebook.com\/sharer.php?u=https:\/\/designbyrenard.com\/en\/expertise-inspirations\/quantum\/\" data-label=\"Facebook\" onclick=\"window.open(this.href,this.title,'width=500,height=500,top=300px,left=300px'); return false;\" target=\"_blank\" class=\"icon plain tooltip facebook\" title=\"Share on Facebook\" aria-label=\"Share on Facebook\" rel=\"noopener nofollow\" ><i class=\"icon-facebook\" ><\/i><\/a><a href=\"https:\/\/twitter.com\/share?url=https:\/\/designbyrenard.com\/en\/expertise-inspirations\/quantum\/\" onclick=\"window.open(this.href,this.title,'width=500,height=500,top=300px,left=300px'); return false;\" target=\"_blank\" class=\"icon plain tooltip twitter\" title=\"Share on Twitter\" aria-label=\"Share on Twitter\" rel=\"noopener nofollow\" ><i class=\"icon-twitter\" ><\/i><\/a><a href=\"https:\/\/pinterest.com\/pin\/create\/button?url=https:\/\/designbyrenard.com\/en\/expertise-inspirations\/quantum\/&media=https:\/\/designbyrenard.com\/wp-content\/uploads\/2024\/05\/Quantum-33-870x580.jpg&description=QUANTUM\" onclick=\"window.open(this.href,this.title,'width=500,height=500,top=300px,left=300px'); return false;\" target=\"_blank\" class=\"icon plain tooltip pinterest\" title=\"Pin on Pinterest\" aria-label=\"Pin on Pinterest\" rel=\"noopener nofollow\" ><i class=\"icon-pinterest\" ><\/i><\/a><a href=\"https:\/\/www.linkedin.com\/shareArticle?mini=true&url=https:\/\/designbyrenard.com\/en\/expertise-inspirations\/quantum\/&title=QUANTUM\" onclick=\"window.open(this.href,this.title,'width=500,height=500,top=300px,left=300px'); return false;\" target=\"_blank\" class=\"icon plain tooltip linkedin\" title=\"Share on LinkedIn\" aria-label=\"Share on LinkedIn\" rel=\"noopener nofollow\" ><i class=\"icon-linkedin\" ><\/i><\/a><\/div>\n\t\t<\/div>\n\t\t\t\t\t<\/div>\n\n\t\n<\/div>\n\t\t<\/div>\n\n\t\t\n<style>\n#section_252381562 {\n  padding-top: 60px;\n  padding-bottom: 60px;\n  background-color: rgb(255, 248, 246);\n}\n<\/style>\n\t<\/section>","protected":false},"excerpt":{"rendered":"","protected":false},"author":4,"featured_media":2108,"parent":1353,"menu_order":8,"comment_status":"closed","ping_status":"closed","template":"page-header-on-scroll.php","meta":{"footnotes":""},"class_list":["post-712","page","type-page","status-publish","has-post-thumbnail","hentry"],"yoast_head":"<!-- This site is optimized with the Yoast SEO plugin v27.5 - https:\/\/yoast.com\/product\/yoast-seo-wordpress\/ -->\n<title>QUANTUM - Specialty Claims Solutions<\/title>\n<meta name=\"description\" content=\"Leader en conseil d&#039;assurance en gestion de sinistres, gr\u00e2ce \u00e0 son approche neutre et \u00e0 l&#039;utilisation de l&#039;intelligence artificielle.\" \/>\n<meta name=\"robots\" content=\"index, follow, max-snippet:-1, max-image-preview:large, max-video-preview:-1\" \/>\n<link rel=\"canonical\" href=\"https:\/\/designbyrenard.com\/en\/expertise-inspirations\/quantum\/\" \/>\n<meta property=\"og:locale\" content=\"en_GB\" \/>\n<meta property=\"og:type\" content=\"article\" \/>\n<meta property=\"og:title\" content=\"QUANTUM - Specialty Claims Solutions\" \/>\n<meta property=\"og:description\" content=\"Leader en conseil d&#039;assurance en gestion de sinistres, gr\u00e2ce \u00e0 son approche neutre et \u00e0 l&#039;utilisation de l&#039;intelligence artificielle.\" \/>\n<meta property=\"og:url\" content=\"https:\/\/designbyrenard.com\/en\/expertise-inspirations\/quantum\/\" \/>\n<meta property=\"og:site_name\" content=\"Design by Renard\" \/>\n<meta property=\"article:modified_time\" content=\"2024-05-24T21:16:00+00:00\" \/>\n<meta property=\"og:image\" content=\"https:\/\/designbyrenard.com\/wp-content\/uploads\/2024\/05\/Quantum-33-scaled.jpg\" \/>\n\t<meta property=\"og:image:width\" content=\"2560\" \/>\n\t<meta property=\"og:image:height\" content=\"1707\" \/>\n\t<meta property=\"og:image:type\" content=\"image\/jpeg\" \/>\n<meta name=\"twitter:card\" content=\"summary_large_image\" \/>\n<meta name=\"twitter:label1\" content=\"Estimated reading time\" \/>\n\t<meta name=\"twitter:data1\" content=\"2 minutes\" \/>\n<script type=\"application\/ld+json\" class=\"yoast-schema-graph\">{\"@context\":\"https:\\\/\\\/schema.org\",\"@graph\":[{\"@type\":\"WebPage\",\"@id\":\"https:\\\/\\\/designbyrenard.com\\\/expertise-inspirations\\\/quantum\\\/\",\"url\":\"https:\\\/\\\/designbyrenard.com\\\/expertise-inspirations\\\/quantum\\\/\",\"name\":\"QUANTUM - Specialty Claims Solutions\",\"isPartOf\":{\"@id\":\"https:\\\/\\\/designbyrenard.com\\\/#website\"},\"primaryImageOfPage\":{\"@id\":\"https:\\\/\\\/designbyrenard.com\\\/expertise-inspirations\\\/quantum\\\/#primaryimage\"},\"image\":{\"@id\":\"https:\\\/\\\/designbyrenard.com\\\/expertise-inspirations\\\/quantum\\\/#primaryimage\"},\"thumbnailUrl\":\"https:\\\/\\\/designbyrenard.com\\\/wp-content\\\/uploads\\\/2024\\\/05\\\/Quantum-33-scaled.jpg\",\"datePublished\":\"2024-05-20T23:00:05+00:00\",\"dateModified\":\"2024-05-24T21:16:00+00:00\",\"description\":\"Leader en conseil d'assurance en gestion de sinistres, gr\u00e2ce \u00e0 son approche neutre et \u00e0 l'utilisation de l'intelligence artificielle.\",\"breadcrumb\":{\"@id\":\"https:\\\/\\\/designbyrenard.com\\\/expertise-inspirations\\\/quantum\\\/#breadcrumb\"},\"inLanguage\":\"en-GB\",\"potentialAction\":[{\"@type\":\"ReadAction\",\"target\":[\"https:\\\/\\\/designbyrenard.com\\\/expertise-inspirations\\\/quantum\\\/\"]}]},{\"@type\":\"ImageObject\",\"inLanguage\":\"en-GB\",\"@id\":\"https:\\\/\\\/designbyrenard.com\\\/expertise-inspirations\\\/quantum\\\/#primaryimage\",\"url\":\"https:\\\/\\\/designbyrenard.com\\\/wp-content\\\/uploads\\\/2024\\\/05\\\/Quantum-33-scaled.jpg\",\"contentUrl\":\"https:\\\/\\\/designbyrenard.com\\\/wp-content\\\/uploads\\\/2024\\\/05\\\/Quantum-33-scaled.jpg\",\"width\":2560,\"height\":1707,\"caption\":\"Quantum 33\"},{\"@type\":\"BreadcrumbList\",\"@id\":\"https:\\\/\\\/designbyrenard.com\\\/expertise-inspirations\\\/quantum\\\/#breadcrumb\",\"itemListElement\":[{\"@type\":\"ListItem\",\"position\":1,\"name\":\"Accueil\",\"item\":\"https:\\\/\\\/designbyrenard.com\\\/\"},{\"@type\":\"ListItem\",\"position\":2,\"name\":\"EXPERTISE &#8211; Inspirations\",\"item\":\"https:\\\/\\\/designbyrenard.com\\\/expertise-inspirations\\\/\"},{\"@type\":\"ListItem\",\"position\":3,\"name\":\"QUANTUM\"}]},{\"@type\":\"WebSite\",\"@id\":\"https:\\\/\\\/designbyrenard.com\\\/#website\",\"url\":\"https:\\\/\\\/designbyrenard.com\\\/\",\"name\":\"Design by Renard\",\"description\":\"\",\"potentialAction\":[{\"@type\":\"SearchAction\",\"target\":{\"@type\":\"EntryPoint\",\"urlTemplate\":\"https:\\\/\\\/designbyrenard.com\\\/?s={search_term_string}\"},\"query-input\":{\"@type\":\"PropertyValueSpecification\",\"valueRequired\":true,\"valueName\":\"search_term_string\"}}],\"inLanguage\":\"en-GB\"}]}<\/script>\n<!-- \/ Yoast SEO plugin. -->","yoast_head_json":{"title":"QUANTUM - Specialty Claims Solutions","description":"Leader in insurance consultancy in claims management, thanks to its neutral approach and the use of artificial intelligence.","robots":{"index":"index","follow":"follow","max-snippet":"max-snippet:-1","max-image-preview":"max-image-preview:large","max-video-preview":"max-video-preview:-1"},"canonical":"https:\/\/designbyrenard.com\/en\/expertise-inspirations\/quantum\/","og_locale":"en_GB","og_type":"article","og_title":"QUANTUM - Specialty Claims Solutions","og_description":"Leader en conseil d'assurance en gestion de sinistres, gr\u00e2ce \u00e0 son approche neutre et \u00e0 l'utilisation de l'intelligence artificielle.","og_url":"https:\/\/designbyrenard.com\/en\/expertise-inspirations\/quantum\/","og_site_name":"Design by Renard","article_modified_time":"2024-05-24T21:16:00+00:00","og_image":[{"width":2560,"height":1707,"url":"https:\/\/designbyrenard.com\/wp-content\/uploads\/2024\/05\/Quantum-33-scaled.jpg","type":"image\/jpeg"}],"twitter_card":"summary_large_image","twitter_misc":{"Estimated reading time":"2 minutes"},"schema":{"@context":"https:\/\/schema.org","@graph":[{"@type":"WebPage","@id":"https:\/\/designbyrenard.com\/expertise-inspirations\/quantum\/","url":"https:\/\/designbyrenard.com\/expertise-inspirations\/quantum\/","name":"QUANTUM - Specialty Claims Solutions","isPartOf":{"@id":"https:\/\/designbyrenard.com\/#website"},"primaryImageOfPage":{"@id":"https:\/\/designbyrenard.com\/expertise-inspirations\/quantum\/#primaryimage"},"image":{"@id":"https:\/\/designbyrenard.com\/expertise-inspirations\/quantum\/#primaryimage"},"thumbnailUrl":"https:\/\/designbyrenard.com\/wp-content\/uploads\/2024\/05\/Quantum-33-scaled.jpg","datePublished":"2024-05-20T23:00:05+00:00","dateModified":"2024-05-24T21:16:00+00:00","description":"Leader in insurance consultancy in claims management, thanks to its neutral approach and the use of artificial intelligence.","breadcrumb":{"@id":"https:\/\/designbyrenard.com\/expertise-inspirations\/quantum\/#breadcrumb"},"inLanguage":"en-GB","potentialAction":[{"@type":"ReadAction","target":["https:\/\/designbyrenard.com\/expertise-inspirations\/quantum\/"]}]},{"@type":"ImageObject","inLanguage":"en-GB","@id":"https:\/\/designbyrenard.com\/expertise-inspirations\/quantum\/#primaryimage","url":"https:\/\/designbyrenard.com\/wp-content\/uploads\/2024\/05\/Quantum-33-scaled.jpg","contentUrl":"https:\/\/designbyrenard.com\/wp-content\/uploads\/2024\/05\/Quantum-33-scaled.jpg","width":2560,"height":1707,"caption":"Quantum 33"},{"@type":"BreadcrumbList","@id":"https:\/\/designbyrenard.com\/expertise-inspirations\/quantum\/#breadcrumb","itemListElement":[{"@type":"ListItem","position":1,"name":"Accueil","item":"https:\/\/designbyrenard.com\/"},{"@type":"ListItem","position":2,"name":"EXPERTISE &#8211; Inspirations","item":"https:\/\/designbyrenard.com\/expertise-inspirations\/"},{"@type":"ListItem","position":3,"name":"QUANTUM"}]},{"@type":"WebSite","@id":"https:\/\/designbyrenard.com\/#website","url":"https:\/\/designbyrenard.com\/","name":"Design by Renard","description":"","potentialAction":[{"@type":"SearchAction","target":{"@type":"EntryPoint","urlTemplate":"https:\/\/designbyrenard.com\/?s={search_term_string}"},"query-input":{"@type":"PropertyValueSpecification","valueRequired":true,"valueName":"search_term_string"}}],"inLanguage":"en-GB"}]}},"_links":{"self":[{"href":"https:\/\/designbyrenard.com\/en\/wp-json\/wp\/v2\/pages\/712","targetHints":{"allow":["GET"]}}],"collection":[{"href":"https:\/\/designbyrenard.com\/en\/wp-json\/wp\/v2\/pages"}],"about":[{"href":"https:\/\/designbyrenard.com\/en\/wp-json\/wp\/v2\/types\/page"}],"author":[{"embeddable":true,"href":"https:\/\/designbyrenard.com\/en\/wp-json\/wp\/v2\/users\/4"}],"replies":[{"embeddable":true,"href":"https:\/\/designbyrenard.com\/en\/wp-json\/wp\/v2\/comments?post=712"}],"version-history":[{"count":49,"href":"https:\/\/designbyrenard.com\/en\/wp-json\/wp\/v2\/pages\/712\/revisions"}],"predecessor-version":[{"id":2109,"href":"https:\/\/designbyrenard.com\/en\/wp-json\/wp\/v2\/pages\/712\/revisions\/2109"}],"up":[{"embeddable":true,"href":"https:\/\/designbyrenard.com\/en\/wp-json\/wp\/v2\/pages\/1353"}],"wp:featuredmedia":[{"embeddable":true,"href":"https:\/\/designbyrenard.com\/en\/wp-json\/wp\/v2\/media\/2108"}],"wp:attachment":[{"href":"https:\/\/designbyrenard.com\/en\/wp-json\/wp\/v2\/media?parent=712"}],"curies":[{"name":"wp","href":"https:\/\/api.w.org\/{rel}","templated":true}]}}